{"id":51,"date":"2017-03-12T15:17:10","date_gmt":"2017-03-12T15:17:10","guid":{"rendered":"https:\/\/nmbm.biz\/sitio\/?page_id=51"},"modified":"2017-05-07T14:19:46","modified_gmt":"2017-05-07T14:19:46","slug":"sobre-mim","status":"publish","type":"page","link":"https:\/\/blog.webgescom.pt\/blog\/sobre-mim\/","title":{"rendered":"Sobre mim"},"content":{"rendered":"<p>Ol\u00e1,<\/p>\n<p>O meu nome \u00e9 Nuno Miguel Bagulho Marques, nasci em 1969 e sou profissional de Inform\u00e1tica.<\/p>\n<p>Em 1996 dei in\u00edcio \u00e0 minha actividade profissional de assist\u00eancia inform\u00e1tica, ao mesmo tempo que terminava o meu Curso no <a href=\"http:\/\/www.istec.pt\/\">ISTEC<\/a>.<\/p>\n<p>A programa\u00e7\u00e3o de aplica\u00e7\u00f5es inform\u00e1ticas sempre foi a minha actividade preferida, mas entre 1998 e 2006, dediquei mais aten\u00e7\u00e3o ao suporte inform\u00e1tico, embora mantendo uma aplica\u00e7\u00e3o de Gest\u00e3o Comercial que, na \u00e9poca, chamei de FCC (Factura\u00e7\u00e3o e Contas Correntes). Esta aplica\u00e7\u00e3o, desenvolvida em CA-Clipper, trabalhava em ambiente DOS e, por consequ\u00eancia, tinha os dias contados.<\/p>\n<p>O advento da <a href=\"https:\/\/www.significados.com.br\/web-2-0\/\">Web 2.0<\/a> levou-me, no in\u00edcio de 2006 a descobrir as vantagens do uso de linguagens de programa\u00e7\u00e3o como o PHP e a sua estreita liga\u00e7\u00e3o com Javascript e a base de dados MySQL, tudo sobre o servidor de p\u00e1ginas Apache, em ambiente Linux. Dito de outra forma, o desafio era desenvolver aplica\u00e7\u00f5es que corressem em qualquer ambiente de computa\u00e7\u00e3o.<\/p>\n<p>Em meados de 2008, tinha pronta a primeira vers\u00e3o do <a href=\"https:\/\/nmbm.biz\/sitio\/index.php\/o-que-e-o-webgescom\/\">WEBGESCOM<\/a>, que testei junto de um conjunto muito restrito de clientes do FCC. Foi muito bem aceite, apesar de nada ter a ver com a vers\u00e3o presente, quer em termos de aspecto, quer em termos de funcionalidade. \u00c0 medida que o projecto foi crescendo, novas ideias surgiram e novos contributos, por parte dos clientes, foram sendo materializados. O WEBGESCOM \u00e9 fruto do meu trabalho mas, tamb\u00e9m, da colabora\u00e7\u00e3o dos seus utilizadores.<\/p>\n<p>De 2009 a 2013, o projecto WEBGESCOM foi crescendo e foi certificado pela Autoridade Tribut\u00e1ria e Aduaneira, com o n\u00ba 1115.<\/p>\n<p>Ainda no final de 2013, desenvolvi uma plataforma de Gest\u00e3o de Conte\u00fados e com\u00e9rcio electr\u00f3nico, que serviu de suporte a tr\u00eas s\u00edtios na Internet.<\/p>\n<p>No in\u00edcio de 2015, o WEBGESCOM conheceu novo desenvolvimento com a vers\u00e3o POS, apoiada na utiliza\u00e7\u00e3o da <a href=\"https:\/\/qz.io\/\">framework QZ tray<\/a>, de suporte a impress\u00e3o em tal\u00f5es.<\/p>\n<p>O ano passado haveria ainda de trazer novas compet\u00eancias \u00e0 minha actividade com a explora\u00e7\u00e3o e implementa\u00e7\u00e3o da plataforma WordPress e WooCommerce, para o desenvolvimento de s\u00edtios na Internet.<\/p>\n<div class=\"pvc_clear\"><\/div>\n<p id=\"pvc_stats_51\" class=\"pvc_stats all  \" data-element-id=\"51\" style=\"\"><i class=\"pvc-stats-icon small\" aria-hidden=\"true\"><svg aria-hidden=\"true\" focusable=\"false\" data-prefix=\"far\" data-icon=\"chart-bar\" role=\"img\" xmlns=\"http:\/\/www.w3.org\/2000\/svg\" viewBox=\"0 0 512 512\" class=\"svg-inline--fa fa-chart-bar fa-w-16 fa-2x\"><path fill=\"currentColor\" d=\"M396.8 352h22.4c6.4 0 12.8-6.4 12.8-12.8V108.8c0-6.4-6.4-12.8-12.8-12.8h-22.4c-6.4 0-12.8 6.4-12.8 12.8v230.4c0 6.4 6.4 12.8 12.8 12.8zm-192 0h22.4c6.4 0 12.8-6.4 12.8-12.8V140.8c0-6.4-6.4-12.8-12.8-12.8h-22.4c-6.4 0-12.8 6.4-12.8 12.8v198.4c0 6.4 6.4 12.8 12.8 12.8zm96 0h22.4c6.4 0 12.8-6.4 12.8-12.8V204.8c0-6.4-6.4-12.8-12.8-12.8h-22.4c-6.4 0-12.8 6.4-12.8 12.8v134.4c0 6.4 6.4 12.8 12.8 12.8zM496 400H48V80c0-8.84-7.16-16-16-16H16C7.16 64 0 71.16 0 80v336c0 17.67 14.33 32 32 32h464c8.84 0 16-7.16 16-16v-16c0-8.84-7.16-16-16-16zm-387.2-48h22.4c6.4 0 12.8-6.4 12.8-12.8v-70.4c0-6.4-6.4-12.8-12.8-12.8h-22.4c-6.4 0-12.8 6.4-12.8 12.8v70.4c0 6.4 6.4 12.8 12.8 12.8z\" class=\"\"><\/path><\/svg><\/i> <img loading=\"lazy\" decoding=\"async\" width=\"16\" height=\"16\" alt=\"Loading\" src=\"https:\/\/blog.webgescom.pt\/blog\/wp-content\/plugins\/page-views-count\/ajax-loader-2x.gif\" border=0 \/><\/p>\n<div class=\"pvc_clear\"><\/div>\n","protected":false},"excerpt":{"rendered":"<p>Ol\u00e1, O meu nome \u00e9 Nuno Miguel Bagulho Marques, nasci em 1969 e sou profissional de Inform\u00e1tica. Em 1996 dei in\u00edcio \u00e0 minha actividade profissional de assist\u00eancia inform\u00e1tica, ao mesmo tempo que terminava o meu Curso no ISTEC. A programa\u00e7\u00e3o de aplica\u00e7\u00f5es inform\u00e1ticas sempre foi a minha actividade preferida, mas entre 1998 e 2006, dediquei&hellip;&nbsp;<\/p>\n<div class=\"pvc_clear\"><\/div>\n<p id=\"pvc_stats_51\" class=\"pvc_stats all  \" data-element-id=\"51\" style=\"\"><i class=\"pvc-stats-icon small\" aria-hidden=\"true\"><svg aria-hidden=\"true\" focusable=\"false\" data-prefix=\"far\" data-icon=\"chart-bar\" role=\"img\" xmlns=\"http:\/\/www.w3.org\/2000\/svg\" viewBox=\"0 0 512 512\" class=\"svg-inline--fa fa-chart-bar fa-w-16 fa-2x\"><path fill=\"currentColor\" d=\"M396.8 352h22.4c6.4 0 12.8-6.4 12.8-12.8V108.8c0-6.4-6.4-12.8-12.8-12.8h-22.4c-6.4 0-12.8 6.4-12.8 12.8v230.4c0 6.4 6.4 12.8 12.8 12.8zm-192 0h22.4c6.4 0 12.8-6.4 12.8-12.8V140.8c0-6.4-6.4-12.8-12.8-12.8h-22.4c-6.4 0-12.8 6.4-12.8 12.8v198.4c0 6.4 6.4 12.8 12.8 12.8zm96 0h22.4c6.4 0 12.8-6.4 12.8-12.8V204.8c0-6.4-6.4-12.8-12.8-12.8h-22.4c-6.4 0-12.8 6.4-12.8 12.8v134.4c0 6.4 6.4 12.8 12.8 12.8zM496 400H48V80c0-8.84-7.16-16-16-16H16C7.16 64 0 71.16 0 80v336c0 17.67 14.33 32 32 32h464c8.84 0 16-7.16 16-16v-16c0-8.84-7.16-16-16-16zm-387.2-48h22.4c6.4 0 12.8-6.4 12.8-12.8v-70.4c0-6.4-6.4-12.8-12.8-12.8h-22.4c-6.4 0-12.8 6.4-12.8 12.8v70.4c0 6.4 6.4 12.8 12.8 12.8z\" class=\"\"><\/path><\/svg><\/i> <img loading=\"lazy\" decoding=\"async\" width=\"16\" height=\"16\" alt=\"Loading\" src=\"https:\/\/blog.webgescom.pt\/blog\/wp-content\/plugins\/page-views-count\/ajax-loader-2x.gif\" border=0 \/><\/p>\n<div class=\"pvc_clear\"><\/div>\n","protected":false},"author":1,"featured_media":0,"parent":0,"menu_order":0,"comment_status":"closed","ping_status":"closed","template":"","meta":{"neve_meta_sidebar":"","neve_meta_container":"","neve_meta_enable_content_width":"","neve_meta_content_width":0,"neve_meta_title_alignment":"","neve_meta_author_avatar":"","neve_post_elements_order":"","neve_meta_disable_header":"","neve_meta_disable_footer":"","neve_meta_disable_title":"","footnotes":""},"class_list":["post-51","page","type-page","status-publish","hentry"],"aioseo_notices":[],"a3_pvc":{"activated":true,"total_views":1424,"today_views":0},"_links":{"self":[{"href":"https:\/\/blog.webgescom.pt\/blog\/wp-json\/wp\/v2\/pages\/51","targetHints":{"allow":["GET"]}}],"collection":[{"href":"https:\/\/blog.webgescom.pt\/blog\/wp-json\/wp\/v2\/pages"}],"about":[{"href":"https:\/\/blog.webgescom.pt\/blog\/wp-json\/wp\/v2\/types\/page"}],"author":[{"embeddable":true,"href":"https:\/\/blog.webgescom.pt\/blog\/wp-json\/wp\/v2\/users\/1"}],"replies":[{"embeddable":true,"href":"https:\/\/blog.webgescom.pt\/blog\/wp-json\/wp\/v2\/comments?post=51"}],"version-history":[{"count":5,"href":"https:\/\/blog.webgescom.pt\/blog\/wp-json\/wp\/v2\/pages\/51\/revisions"}],"predecessor-version":[{"id":57,"href":"https:\/\/blog.webgescom.pt\/blog\/wp-json\/wp\/v2\/pages\/51\/revisions\/57"}],"wp:attachment":[{"href":"https:\/\/blog.webgescom.pt\/blog\/wp-json\/wp\/v2\/media?parent=51"}],"curies":[{"name":"wp","href":"https:\/\/api.w.org\/{rel}","templated":true}]}}