{"id":1255,"date":"2025-11-13T11:51:27","date_gmt":"2025-11-13T11:51:27","guid":{"rendered":"https:\/\/blog.webgescom.pt\/blog\/?page_id=1255"},"modified":"2025-12-27T19:19:14","modified_gmt":"2025-12-27T19:19:14","slug":"planos-e-precos-do-webgescom-2026","status":"publish","type":"page","link":"https:\/\/blog.webgescom.pt\/blog\/planos-e-precos-do-webgescom-2026\/","title":{"rendered":"Planos e Pre\u00e7os do WEBGESCOM 2026"},"content":{"rendered":"\n<p>Escolha o plano que mais se adequa ao seu neg\u00f3cio.<\/p>\n\n\n\n<div class=\"wp-block-columns is-layout-flex wp-container-core-columns-is-layout-9d6595d7 wp-block-columns-is-layout-flex\">\n<div class=\"wp-block-column is-layout-flow wp-block-column-is-layout-flow\">\n<h3 class=\"wp-block-heading has-text-align-center has-nv-dark-bg-color has-pale-cyan-blue-background-color has-text-color has-background\">Inicial<\/h3>\n\n\n\n<p class=\"has-text-align-center has-nv-dark-bg-color has-pale-cyan-blue-background-color has-text-color has-background\">5,54 EUR \/ M\u00eas pagos anualmente *****<\/p>\n\n\n\n<p class=\"has-text-align-center has-background\" style=\"background-color:#8ed1fc\">66.42 EUR \/ Ano<\/p>\n<\/div>\n\n\n\n<div class=\"wp-block-column is-layout-flow wp-block-column-is-layout-flow\">\n<h3 class=\"wp-block-heading has-text-align-center has-white-color has-vivid-cyan-blue-background-color has-text-color has-background\">Empresa<\/h3>\n\n\n\n<p class=\"has-text-align-center has-white-color has-vivid-cyan-blue-background-color has-text-color has-background\">8,46 EUR \/ M\u00eas pagos anualmente, ou ao semestre<\/p>\n\n\n\n<p class=\"has-text-align-center has-white-color has-vivid-cyan-blue-background-color has-text-color has-background\">30,44 EUR \/ Trimestre<br>101,48 EUR \/ Ano<\/p>\n<\/div>\n\n\n\n<div class=\"wp-block-column is-layout-flow wp-block-column-is-layout-flow\">\n<h3 class=\"wp-block-heading has-text-align-center has-white-color has-light-green-cyan-background-color has-text-color has-background\">Top Empresa<\/h3>\n\n\n\n<p class=\"has-text-align-center has-white-color has-light-green-cyan-background-color has-text-color has-background\">13,68 EUR \/ M\u00eas pagos anualmente, ou ao semestre<\/p>\n\n\n\n<p class=\"has-text-align-center has-white-color has-light-green-cyan-background-color has-text-color has-background\">49,26 EUR \/ Trimestre<br>164.21 EUR \/ Ano<\/p>\n<\/div>\n<\/div>\n\n\n\n<figure class=\"wp-block-table is-style-stripes\"><table><thead><tr><th><\/th><th class=\"has-text-align-center\" data-align=\"center\">Inicial<\/th><th class=\"has-text-align-center\" data-align=\"center\">Empresa<\/th><th class=\"has-text-align-center\" data-align=\"center\">Top Empresa<\/th><\/tr><\/thead><tbody><tr><td>Ficheiro SAF-T<\/td><td class=\"has-text-align-center\" data-align=\"center\">Criar<\/td><td class=\"has-text-align-center\" data-align=\"center\">Criar\/Enviar<\/td><td class=\"has-text-align-center\" data-align=\"center\">Criar\/Enviar<\/td><\/tr><tr><td>Envio Documentos por Email<\/td><td class=\"has-text-align-center\" data-align=\"center\">Sim<\/td><td class=\"has-text-align-center\" data-align=\"center\">Sim<\/td><td class=\"has-text-align-center\" data-align=\"center\">Sim<\/td><\/tr><tr><td>QR Code<\/td><td class=\"has-text-align-center\" data-align=\"center\">Sim<\/td><td class=\"has-text-align-center\" data-align=\"center\">Sim<\/td><td class=\"has-text-align-center\" data-align=\"center\">Sim<\/td><\/tr><tr><td>Fatura\u00e7\u00e3o M\u00f3vel e POS<\/td><td class=\"has-text-align-center\" data-align=\"center\">N\u00e3o<\/td><td class=\"has-text-align-center\" data-align=\"center\">Sim<\/td><td class=\"has-text-align-center\" data-align=\"center\">Sim<\/td><\/tr><tr><td>Guias de Transporte<\/td><td class=\"has-text-align-center\" data-align=\"center\">N\u00e3o<\/td><td class=\"has-text-align-center\" data-align=\"center\">Sim<\/td><td class=\"has-text-align-center\" data-align=\"center\">Sim<\/td><\/tr><tr><td>Registo Faturas Fornecedores<\/td><td class=\"has-text-align-center\" data-align=\"center\">N\/A<\/td><td class=\"has-text-align-center\" data-align=\"center\">22,10 EUR\/ Ano<\/td><td class=\"has-text-align-center\" data-align=\"center\">Inclu\u00eddo<\/td><\/tr><tr><td>Contas Correntes<\/td><td class=\"has-text-align-center\" data-align=\"center\">N\u00e3o<\/td><td class=\"has-text-align-center\" data-align=\"center\">Clientes<\/td><td class=\"has-text-align-center\" data-align=\"center\">Clientes e Fornecedores<\/td><\/tr><tr><td>Gest\u00e3o de Stocks<\/td><td class=\"has-text-align-center\" data-align=\"center\">N\u00e3o<\/td><td class=\"has-text-align-center\" data-align=\"center\">N\u00e3o<\/td><td class=\"has-text-align-center\" data-align=\"center\">Sim<\/td><\/tr><tr><td>Aven\u00e7as<\/td><td class=\"has-text-align-center\" data-align=\"center\">N\u00e3o<\/td><td class=\"has-text-align-center\" data-align=\"center\">Sim<\/td><td class=\"has-text-align-center\" data-align=\"center\">Sim<\/td><\/tr><tr><td>Multi-empresas<\/td><td class=\"has-text-align-center\" data-align=\"center\">N\u00e3o<\/td><td class=\"has-text-align-center\" data-align=\"center\">N\u00e3o<\/td><td class=\"has-text-align-center\" data-align=\"center\">At\u00e9 2<\/td><\/tr><tr><td>Utilizadores<\/td><td class=\"has-text-align-center\" data-align=\"center\">1<\/td><td class=\"has-text-align-center\" data-align=\"center\">1<\/td><td class=\"has-text-align-center\" data-align=\"center\">At\u00e9 3<\/td><\/tr><tr><td>Utilizador Adicional<\/td><td class=\"has-text-align-center\" data-align=\"center\">N\/A<\/td><td class=\"has-text-align-center\" data-align=\"center\">1,50 EUR \/ M\u00eas<\/td><td class=\"has-text-align-center\" data-align=\"center\">1,50 EUR \/ M\u00eas<\/td><\/tr><tr><td>Fatura\u00e7\u00e3o Eletr\u00f3nica<\/td><td class=\"has-text-align-center\" data-align=\"center\">N\u00e3o<\/td><td class=\"has-text-align-center\" data-align=\"center\">N\u00e3o<\/td><td class=\"has-text-align-center\" data-align=\"center\">Sim<\/td><\/tr><tr><td>Apoio Inicial Webgescom<\/td><td class=\"has-text-align-center\" data-align=\"center\">40,59 EUR<\/td><td class=\"has-text-align-center\" data-align=\"center\">40,59 EUR<\/td><td class=\"has-text-align-center\" data-align=\"center\">Inclu\u00eddo<\/td><\/tr><tr><td>Assist\u00eancia POS<\/td><td class=\"has-text-align-center\" data-align=\"center\">N\/A<\/td><td class=\"has-text-align-center\" data-align=\"center\">36,90 EUR \/ HR<\/td><td class=\"has-text-align-center\" data-align=\"center\">36,90 EUR \/ HR<\/td><\/tr><\/tbody><\/table><figcaption class=\"wp-element-caption\">Estes valores incluem o IVA \u00e0 taxa de 23%<\/figcaption><\/figure>\n\n\n\n<p>Pre\u00e7os em vigor a partir de 26 de Dezembro de 2025. <strong>Valores de assist\u00eancia e de migra\u00e7\u00e3o de dados n\u00e3o inclu\u00eddos<\/strong>. Consulte-nos para empresas e utilizadores adicionais.<\/p>\n\n\n\n<p><em>P\u00e1gina atualizada em 27 de Dezembro de 2025<\/em><\/p>\n\n\n\n<p>Foto de \n<a href=\"https:\/\/unsplash.com\/pt-br\/@micheile?utm_content=creditCopyText&#038;utm_medium=referral&#038;utm_source=unsplash\">micheile henderson<\/a> na \n<a href=\"https:\/\/unsplash.com\/pt-br\/fotografias\/planta-verde-no-copo-de-vidro-transparente-SoT4-mZhyhE?utm_content=creditCopyText&#038;utm_medium=referral&#038;utm_source=unsplash\">Unsplash<\/a><\/p>\n\n\n\n<p><\/p>\n<div class=\"pvc_clear\"><\/div><p id=\"pvc_stats_1255\" class=\"pvc_stats all  \" data-element-id=\"1255\" style=\"\"><i class=\"pvc-stats-icon small\" aria-hidden=\"true\"><svg aria-hidden=\"true\" focusable=\"false\" data-prefix=\"far\" data-icon=\"chart-bar\" role=\"img\" xmlns=\"http:\/\/www.w3.org\/2000\/svg\" viewBox=\"0 0 512 512\" class=\"svg-inline--fa fa-chart-bar fa-w-16 fa-2x\"><path fill=\"currentColor\" d=\"M396.8 352h22.4c6.4 0 12.8-6.4 12.8-12.8V108.8c0-6.4-6.4-12.8-12.8-12.8h-22.4c-6.4 0-12.8 6.4-12.8 12.8v230.4c0 6.4 6.4 12.8 12.8 12.8zm-192 0h22.4c6.4 0 12.8-6.4 12.8-12.8V140.8c0-6.4-6.4-12.8-12.8-12.8h-22.4c-6.4 0-12.8 6.4-12.8 12.8v198.4c0 6.4 6.4 12.8 12.8 12.8zm96 0h22.4c6.4 0 12.8-6.4 12.8-12.8V204.8c0-6.4-6.4-12.8-12.8-12.8h-22.4c-6.4 0-12.8 6.4-12.8 12.8v134.4c0 6.4 6.4 12.8 12.8 12.8zM496 400H48V80c0-8.84-7.16-16-16-16H16C7.16 64 0 71.16 0 80v336c0 17.67 14.33 32 32 32h464c8.84 0 16-7.16 16-16v-16c0-8.84-7.16-16-16-16zm-387.2-48h22.4c6.4 0 12.8-6.4 12.8-12.8v-70.4c0-6.4-6.4-12.8-12.8-12.8h-22.4c-6.4 0-12.8 6.4-12.8 12.8v70.4c0 6.4 6.4 12.8 12.8 12.8z\" class=\"\"><\/path><\/svg><\/i> <img loading=\"lazy\" decoding=\"async\" width=\"16\" height=\"16\" alt=\"Loading\" src=\"https:\/\/blog.webgescom.pt\/blog\/wp-content\/plugins\/page-views-count\/ajax-loader-2x.gif\" border=0 \/><\/p><div class=\"pvc_clear\"><\/div>","protected":false},"excerpt":{"rendered":"<p>Escolha o plano que mais se adequa ao seu neg\u00f3cio. Inicial 5,54 EUR \/ M\u00eas pagos anualmente ***** 66.42 EUR \/ Ano Empresa 8,46 EUR \/ M\u00eas pagos anualmente, ou ao semestre 30,44 EUR \/ Trimestre101,48 EUR \/ Ano Top Empresa 13,68 EUR \/ M\u00eas pagos anualmente, ou ao semestre 49,26 EUR \/ Trimestre164.21 EUR&hellip;&nbsp;<\/p>\n<div class=\"pvc_clear\"><\/div>\n<p id=\"pvc_stats_1255\" class=\"pvc_stats all  \" data-element-id=\"1255\" style=\"\"><i class=\"pvc-stats-icon small\" aria-hidden=\"true\"><svg aria-hidden=\"true\" focusable=\"false\" data-prefix=\"far\" data-icon=\"chart-bar\" role=\"img\" xmlns=\"http:\/\/www.w3.org\/2000\/svg\" viewBox=\"0 0 512 512\" class=\"svg-inline--fa fa-chart-bar fa-w-16 fa-2x\"><path fill=\"currentColor\" d=\"M396.8 352h22.4c6.4 0 12.8-6.4 12.8-12.8V108.8c0-6.4-6.4-12.8-12.8-12.8h-22.4c-6.4 0-12.8 6.4-12.8 12.8v230.4c0 6.4 6.4 12.8 12.8 12.8zm-192 0h22.4c6.4 0 12.8-6.4 12.8-12.8V140.8c0-6.4-6.4-12.8-12.8-12.8h-22.4c-6.4 0-12.8 6.4-12.8 12.8v198.4c0 6.4 6.4 12.8 12.8 12.8zm96 0h22.4c6.4 0 12.8-6.4 12.8-12.8V204.8c0-6.4-6.4-12.8-12.8-12.8h-22.4c-6.4 0-12.8 6.4-12.8 12.8v134.4c0 6.4 6.4 12.8 12.8 12.8zM496 400H48V80c0-8.84-7.16-16-16-16H16C7.16 64 0 71.16 0 80v336c0 17.67 14.33 32 32 32h464c8.84 0 16-7.16 16-16v-16c0-8.84-7.16-16-16-16zm-387.2-48h22.4c6.4 0 12.8-6.4 12.8-12.8v-70.4c0-6.4-6.4-12.8-12.8-12.8h-22.4c-6.4 0-12.8 6.4-12.8 12.8v70.4c0 6.4 6.4 12.8 12.8 12.8z\" class=\"\"><\/path><\/svg><\/i> <img loading=\"lazy\" decoding=\"async\" width=\"16\" height=\"16\" alt=\"Loading\" src=\"https:\/\/blog.webgescom.pt\/blog\/wp-content\/plugins\/page-views-count\/ajax-loader-2x.gif\" border=0 \/><\/p>\n<div class=\"pvc_clear\"><\/div>\n","protected":false},"author":1,"featured_media":1210,"parent":0,"menu_order":0,"comment_status":"closed","ping_status":"closed","template":"","meta":{"neve_meta_sidebar":"","neve_meta_container":"","neve_meta_enable_content_width":"","neve_meta_content_width":0,"neve_meta_title_alignment":"","neve_meta_author_avatar":"","neve_post_elements_order":"","neve_meta_disable_header":"","neve_meta_disable_footer":"","neve_meta_disable_title":"","footnotes":""},"class_list":["post-1255","page","type-page","status-publish","has-post-thumbnail","hentry"],"aioseo_notices":[],"a3_pvc":{"activated":true,"total_views":57,"today_views":0},"_links":{"self":[{"href":"https:\/\/blog.webgescom.pt\/blog\/wp-json\/wp\/v2\/pages\/1255","targetHints":{"allow":["GET"]}}],"collection":[{"href":"https:\/\/blog.webgescom.pt\/blog\/wp-json\/wp\/v2\/pages"}],"about":[{"href":"https:\/\/blog.webgescom.pt\/blog\/wp-json\/wp\/v2\/types\/page"}],"author":[{"embeddable":true,"href":"https:\/\/blog.webgescom.pt\/blog\/wp-json\/wp\/v2\/users\/1"}],"replies":[{"embeddable":true,"href":"https:\/\/blog.webgescom.pt\/blog\/wp-json\/wp\/v2\/comments?post=1255"}],"version-history":[{"count":4,"href":"https:\/\/blog.webgescom.pt\/blog\/wp-json\/wp\/v2\/pages\/1255\/revisions"}],"predecessor-version":[{"id":1273,"href":"https:\/\/blog.webgescom.pt\/blog\/wp-json\/wp\/v2\/pages\/1255\/revisions\/1273"}],"wp:featuredmedia":[{"embeddable":true,"href":"https:\/\/blog.webgescom.pt\/blog\/wp-json\/wp\/v2\/media\/1210"}],"wp:attachment":[{"href":"https:\/\/blog.webgescom.pt\/blog\/wp-json\/wp\/v2\/media?parent=1255"}],"curies":[{"name":"wp","href":"https:\/\/api.w.org\/{rel}","templated":true}]}}